{"id":1208,"date":"2025-02-24T22:18:50","date_gmt":"2025-02-24T14:18:50","guid":{"rendered":"https:\/\/www.bali-selected.com\/?page_id=1208"},"modified":"2025-02-24T22:18:50","modified_gmt":"2025-02-24T14:18:50","slug":"disclaimer","status":"publish","type":"page","link":"https:\/\/www.bali-selected.com\/de\/haftungsausschluss\/","title":{"rendered":"Haftungsausschluss"},"content":{"rendered":"<p><strong>1. Inhalt<\/strong><br \/>\nDer Autor und die Firma Ibiza Selected \u00fcbernimmt die volle Gew\u00e4hr f\u00fcr die Vollst\u00e4ndigkeit oder Qualit\u00e4t der bereitgestellten Informationen. Alle Ferienobjekte wurden von uns pers\u00f6nlich gepr\u00fcft und werden. Der Autor beh\u00e4lt es sich ausdr\u00fccklich vor, Teile der Seiten ohne gesonderte Ank\u00fcndigung zu ver\u00e4ndern, zu erg\u00e4nzen, zu l\u00f6schen oder die Ver\u00f6ffentlichung zeitweise oder endg\u00fcltig einzustellen.<\/p>\n<p><strong>2. Verweise und Links<\/strong><br \/>\nBei direkten oder indirekten Verweisen auf fremde Webseiten (&#8222;Hyperlinks&#8220;), die au\u00dferhalb des Verantwortungsbereiches des Autors liegen, w\u00fcrde eine Haftungsverpflichtung ausschlie\u00dflich in dem Fall in Kraft treten, in dem der Autor von den Inhalten Kenntnis hat und es ihm technisch m\u00f6glich und zumutbar w\u00e4re, die Nutzung im Falle rechtswidriger Inhalte zu verhindern. Der Autor erkl\u00e4rt hiermit ausdr\u00fccklich, dass zum Zeitpunkt der Linksetzung keine illegalen Inhalte auf den zu verlinkenden Seiten erkennbar waren. Auf die aktuelle und zuk\u00fcnftige Gestaltung, die Inhalte oder die Urheberschaft der verlinkten\/verkn\u00fcpften Seiten hat der Autor keinerlei Einfluss. Deshalb distanziert er sich hiermit ausdr\u00fccklich von allen Inhalten aller verlinkten \/verkn\u00fcpften Seiten, die nach der Linksetzung ver\u00e4ndert wurden. Diese Feststellung gilt f\u00fcr alle innerhalb des eigenen Internetangebotes gesetzten Links und Verweise sowie f\u00fcr Fremdeintr\u00e4ge in vom Autor eingerichteten G\u00e4steb\u00fcchern, Diskussionsforen, Linkverzeichnissen, Mailinglisten und in allen anderen Formen von Datenbanken, auf deren Inhalt externe Schreibzugriffe m\u00f6glich sind. F\u00fcr illegale, fehlerhafte oder unvollst\u00e4ndige Inhalte und insbesondere f\u00fcr Sch\u00e4den, die aus der Nutzung oder Nichtnutzung solcherart dargebotener Informationen entstehen, haftet allein der Anbieter der Seite, auf welche verwiesen wurde, nicht derjenige, der \u00fcber Links auf die jeweilige Ver\u00f6ffentlichung lediglich verweist.<\/p>\n<p><strong>3. Urheber- und Kennzeichenrecht<\/strong><br \/>\nDer Autor ist bestrebt, in allen Publikationen die Urheberrechte der verwendeten Bilder, Grafiken, Tondokumente, Videosequenzen und Texte zu beachten, von ihm selbst erstellte Bilder, Grafiken, Tondokumente, Videosequenzen und Texte zu nutzen oder auf lizenzfreie Grafiken, Tondokumente, Videosequenzen und Texte zur\u00fcckzugreifen. Alle innerhalb des Internetangebotes genannten und ggf. durch Dritte gesch\u00fctzten Marken- und Warenzeichen unterliegen uneingeschr\u00e4nkt den Bestimmungen des jeweils g\u00fcltigen Kennzeichenrechts und den Besitzrechten der jeweiligen eingetragenen Eigent\u00fcmer. Allein aufgrund der blo\u00dfen Nennung ist nicht der Schluss zu ziehen, dass Markenzeichen nicht durch Rechte Dritter gesch\u00fctzt sind! Das Copyright f\u00fcr ver\u00f6ffentlichte, vom Autor selbst erstellte Objekte bleibt allein beim Autor der Seiten. Eine Vervielf\u00e4ltigung oder Verwendung solcher Grafiken, Tondokumente, Videosequenzen und Texte in anderen elektronischen oder gedruckten Publikationen ist ohne ausdr\u00fcckliche Zustimmung des Autors nicht gestattet.<\/p>\n<p><strong>4. Rechtswirksamkeit dieses Haftungsausschlusses<\/strong><br \/>\nDieser Haftungsausschluss ist als Teil des Internetangebotes zu betrachten, von dem aus auf diese Seite verwiesen wurde. Sofern Teile oder einzelne Formulierungen dieses Textes der geltenden Rechtslage nicht, nicht mehr oder nicht vollst\u00e4ndig entsprechen sollten, bleiben die \u00fcbrigen Teile des Dokumentes in ihrem Inhalt und ihrer G\u00fcltigkeit davon unber\u00fchrt.<\/p>\n<p><strong>5. Allgemeine Reservierungs &#8211; und Stornierungsbedingungen<\/strong><br \/>\nAlle Angebote von Ibiza Selected sind immer und grunds\u00e4tzlich freibleibend. Eine Buchung wird erst durch eine Buchungsbest\u00e4tigung vorreserviert. Um Ihre Buchung fest zu reservieren, m\u00fcssen 50% des Gesamtbetrages f\u00fcr Ihren Aufenthalt per Bank\u00fcberweisung innerhalb von einer Woche an den Hausbesitzer anbezahlt werden. Mietvertr\u00e4ge werden grunds\u00e4tzlich nur mit dem Hausbesitzer durch die Anzahlung geschlossen, wobei die Haftung der Abwichklung Ihres Urlaubs bei der Firma Ibiza Selected liegt. Die Firma Ibiza Selected ist ein Reisemarkler und stellt seine Abrechnung direkt an den Hausbesitzer und hat nichts mit dem Geldtransfer zwischen den Hausbesitzer und Kunden zu tun.<\/p>\n<p>Bei Stornierungen durch den Gast, die mindestens drei Monate vor dem geplanten Anreisetag gemacht werden, wird die Anzahlung f\u00fcr weitere Reservierungen innerhalb desselben und folgendem Jahres bei dem gleichen Ferienobjekt angerechnet. Stornierungsgeb\u00fchren unter drei Monate: 90 bis 45 Tage 50% , 45 bis 14 Tage 70%, 13 bis 1 Tag 90%, Bei NO-Show 100%. Falls wir oder Sie einen anderen Gast f\u00fcr die ausgefallene Zeit finden, werden Ihnen nat\u00fcrlich 100% der gebuchten Zeit ausbezahlt.Kommt es zu einen unvorhergesehenen Ausfall der Objekts, wie zum Beispiel Wind-, Wasser- und Brandsch\u00e4den, sodass das Ferienobjekt nicht mehr bewohnbar ist, suchen wir f\u00fcr Sie eine andere Alternative und der Besitzer wird ihnen umgehen das Geld zur\u00fcck \u00fcberweisen.<\/p>\n<p>Wir empfehlen Ihnen eine Reiser\u00fccktrittsversicherung bei der Hanse Merkur abzuschlie\u00dfen, damit Sie im Krankheitsfall oder anderen pers\u00f6nlichen Verhinderungen abgesichert sind. Ibiza Selected tritt im Vertrag rechtlich als Reisemakler auf und die Vermietungsvertr\u00e4ge werden grunds\u00e4tzlich, durch die Bezahlung, mit den Hauseigent\u00fcmer geschlossen.<\/p>\n<p><strong>6. Datenschutz:<\/strong><\/p>\n<p>Auf unseren Websites k\u00f6nnen Sie andere Websites besuchen, indem Sie Hyperlinks zu solchen externen Websites folgen. Obwohl wir uns bem\u00fchen, nur qualitativ hochwertige Links zu n\u00fctzlichen und ethischen Websites bereitzustellen, haben wir keine Kontrolle \u00fcber den Inhalt und die Art dieser Websites. Diese Links zu anderen Websites implizieren keine Empfehlung f\u00fcr den gesamten Inhalt dieser Seiten. Website-Inhaber und Inhalte k\u00f6nnen sich ohne vorherige Ank\u00fcndigung \u00e4ndern und k\u00f6nnen auftreten, bevor wir die M\u00f6glichkeit haben, einen Link zu entfernen, der m\u00f6glicherweise &#8222;schlecht&#8220; geworden ist.<\/p>\n<p>Bitte beachten Sie auch, dass beim Verlassen unserer Websites andere Websites m\u00f6glicherweise andere Datenschutzrichtlinien und -bedingungen haben, die au\u00dferhalb unserer Kontrolle liegen. Bitte \u00fcberpr\u00fcfen Sie die Datenschutzrichtlinien dieser Websites sowie deren &#8222;Nutzungsbedingungen&#8220;, bevor Sie Gesch\u00e4fte t\u00e4tigen oder Informationen hochladen.<\/p>\n<p><strong>Zustimmung<\/strong><br \/>\nDurch die Nutzung unserer Websites erkl\u00e4ren Sie sich mit unserem Haftungsausschluss, Datenschutz und den darin enthaltenen Bedingungen einverstanden.<\/p>\n<p><strong>Datenschutzerkl\u00e4rung<\/strong><br \/>\nDurch die Nutzung unserer Websites erkl\u00e4ren Sie sich ausdr\u00fccklich mit der Speicherung und Nutzung Ihrer in dieser Erkl\u00e4rung beschriebenen Daten einverstanden. Ihre Daten werden f\u00fcr die nachfolgend beschriebenen Zwecke verwendet.<\/p>\n<p><strong>IP-Adressen<\/strong><br \/>\nIP-Adressen werden f\u00fcr Problemdiagnosen, Webseitenverwaltung und demografische Informationen ben\u00f6tigt. Wenn Sie unsere Website besuchen, erkennen wir nur Ihren Domain-Namen, nicht jedoch Ihre E-Mail-Adresse. Wir sehen Ihre E-Mail-Adresse nur, wenn Sie sie uns direkt mitteilen, indem Sie ein Formular ausf\u00fcllen oder eine E-Mail senden.<\/p>\n<p><strong>Cookies<\/strong><br \/>\nCookies werden f\u00fcr personalisierte Inhalte verwendet, um eine wiederholte Passworteingabe zu vermeiden oder um die Informationen anzupassen, die dem Nutzerverhalten angeboten werden.<\/p>\n<p><strong>Benutzer Registration<\/strong><br \/>\nUnsere Webseiten enthalten Formulare, die Sie ausf\u00fcllen k\u00f6nnen, um Informationen anzufordern. Wenn Sie sich registrieren, leiten wir die angeforderten Informationen weiter.<\/p>\n<p><strong>E-Mail-Adressen<\/strong><br \/>\nWenn Sie uns Ihre E-Mail-Adresse mitteilen, werden wir mit Ihnen per E-Mail kommunizieren. Wir geben Ihre E-Mail-Adresse nicht an Dritte au\u00dferhalb von \u201eIbiza Selected\u201c weiter. Wenn Sie keine E-Mails mehr von uns erhalten m\u00f6chten, k\u00f6nnen Sie dies jederzeit abbrechen.<\/p>\n<p><strong>Links zu anderen Websites<\/strong><br \/>\nUnsere Webseiten haben Links zu anderen Seiten von Drittanbietern. Unsere Websites sind nicht verantwortlich f\u00fcr die Datenschutzma\u00dfnahmen oder Inhalte anderer Websites.<\/p>\n<p><strong>Opting out<\/strong><br \/>\nWenn Sie keine E-Mails mehr von uns erhalten m\u00f6chten, k\u00f6nnen Sie die zuvor erteilte Genehmigung jederzeit widerrufen. Eine E-Mail-Benachrichtigung reicht aus, um sie aus der E-Mail-Liste oder der Webregistrierungsdatenbank zu entfernen.<\/p>\n<p><strong>Google Analytics<\/strong><br \/>\nUnsere Webseiten verwenden Google Analytics, einen Webanalysedienst der Google Inc. (&#8222;Google&#8220;). Google Analytics verwendet &#8222;Cookies&#8220;, bei denen es sich um Textdateien handelt, die auf Ihrem Computer gespeichert werden, um die Websites bei der Analyse der Nutzung der Website durch Nutzer zu unterst\u00fctzen. Die durch den Cookie erzeugten Informationen \u00fcber Ihre Benutzung dieser Website (einschlie\u00dflich Ihrer IP-Adresse) wird an einen Server von Google in den USA \u00fcbertragen und dort gespeichert. Im Falle der Aktivierung der IP-Anonymisierung auf dieser Webseite, wird Ihre IP-Adresse von Google jedoch innerhalb von Mitgliedstaaten der Europ\u00e4ischen Union oder in anderen Vertragsstaaten des Abkommens \u00fcber den Europ\u00e4ischen Wirtschaftsraum zuvor gek\u00fcrzt. Nur in Ausnahmef\u00e4llen wird die volle IP-Adresse an die Server von Google in den USA \u00fcbertragen und dort gek\u00fcrzt. Im Auftrag des Betreibers dieser Website wird Google diese Informationen benutzen, um Ihre Nutzung der Website auszuwerten, um Reports \u00fcber die Websiteaktivit\u00e4ten f\u00fcr die Websitebetreiber zusammenzustellen und um weitere mit der Websitenutzung und der Internetnutzung verbundene Dienstleistungen gegen\u00fcber dem Websitebetreiber zu erbringen. Google wird Ihre IP-Adresse nicht mit anderen Daten von Google in Verbindung bringen. Sie k\u00f6nnen die Verwendung von Cookies ablehnen, indem Sie die entsprechenden Einstellungen in Ihrem Browser ausw\u00e4hlen. Beachten Sie jedoch, dass Sie unter Umst\u00e4nden nicht die gesamte Funktionalit\u00e4t dieser Websites nutzen k\u00f6nnen. Dar\u00fcber hinaus k\u00f6nnen Sie die Erfassung und Verwendung von Daten (Cookies und IP-Adresse) durch Google verhindern, indem Sie das unter <a href=\"https:\/\/tools.google.com\/dlpage\/gaoptout?hl=de-DE\">https:\/\/tools.google.com\/dlpage\/gaoptout?hl=de-DE<\/a> \u00a0verf\u00fcgbare Browser-Plug-In herunterladen und installieren.<\/p>\n<p>Sie k\u00f6nnen die Nutzung von Google Analytics verweigern, indem Sie auf den folgenden Link klicken. Auf dem Computer wird ein Opt-Out-Cookie gesetzt, der die zuk\u00fcnftige Erfassung Ihrer Daten beim Besuch dieser Websites verhindert: Deaktivieren Sie Google Analytics<\/p>\n<p>Weitere Informationen zu den Nutzungsbedingungen und Datenschutz finden Sie unter http:\/\/www.google.com\/analytics\/terms\/de.html oder unter https:\/\/www.google.de\/intl\/de\/policies \/. Bitte beachten Sie, dass auf unseren Webseiten Google Analytics-Code um &#8222;gat._anonymizeIp ();&#8220; erg\u00e4nzt wird, um eine anonymisierte Erfassung von IP-Adressen (sog. IP-Masking) zu gew\u00e4hrleisten.<\/p>\n<p>Wir nutzen die Remarketing-Funktion von Google, um unsere Werbung zu ver\u00f6ffentlichen. Dadurch k\u00f6nnen wir unsere Anzeigen im Google Displaynetzwerk nur f\u00fcr diejenigen Internetnutzer anzeigen, die unsere Websites besucht haben. Um diese Funktion nutzen zu k\u00f6nnen, m\u00fcssen wir jedoch kleine Textdateien namens Cookies verwenden. Diese sind auf Ihrem Computer gespeichert, enthalten jedoch keine pers\u00f6nlichen Informationen. Diese Cookies werden vom Google Display-Netzwerk verwendet, um Ihnen unsere Anzeigen in Form von Text- oder Image-Anzeigen zu liefern. Sie haben die M\u00f6glichkeit, Cookies f\u00fcr Werbezwecke zu deaktivieren. Dies ist mit Hilfe des AdPreference Managers von Google oder alternativ \u00fcber die Deaktivierungsseite der Network Advertising Initiative m\u00f6glich. Weitere Details finden Sie hier: https:\/\/support.google.com\/analytics\/answer\/2700409?ref_topic=2611283&amp;hl=en-GB<\/p>\n<p><strong>Social Media Plugins<\/strong><br \/>\nUnsere Webseiten nutzen Social Media Plug-Ins (&#8222;Plugins&#8220;) der sozialen Netzwerke Facebook, Google +, YouTube und Instagram<\/p>\n<p><strong>Facebook<\/strong><br \/>\nUnsere Webseiten verwenden Social Plugins (&#8222;Plugins&#8220;) des sozialen Netzwerks facebook.com, betrieben von Facebook Inc., 1601 S. California Ave, Palo Alto, CA 94304, USA (&#8222;Facebook&#8220;). Diese Plugins sind mit einem Facebook Logo gekennzeichnet.<\/p>\n<p>Wenn der Kunde auf unsere Webseiten zugreift, die ein solches Plugin enthalten, baut der Browser des Kunden eine direkte Verbindung zu den Servern von Facebook auf. Facebook \u00fcbermittelt den Inhalt des Plugins direkt an den Browser des Kunden, wo er in die Webseiten integriert wird.<\/p>\n<p>Durch die Plugin-Einbindung erh\u00e4lt Facebook die Information, dass der Kunde die entsprechende Seite unserer Webseiten aufgerufen hat. Ist der Kunde bei Facebook eingeloggt, kann Facebook den Besuch des Kunden dem Facebook-Account des Kunden zuordnen.<\/p>\n<p>Wenn der Kunde mit den Plugins interagiert, zum Beispiel mit dem &#8222;Gef\u00e4llt mir&#8220; Button oder einen Kommentar hinterl\u00e4sst, \u00fcbermittelt der Browser die entsprechenden Informationen direkt an Facebook, wo er gespeichert wird. Zweck und Umfang der Datenerhebung und die weitere Verarbeitung und Nutzung der Daten durch Facebook sowie diesbez\u00fcgliche Rechte und Einstellungsm\u00f6glichkeiten, die dem Kunden zum Schutz seiner Privatsph\u00e4re zur Verf\u00fcgung stehen, k\u00f6nnen den Datenschutzhinweisen von Facebook entnommen werden.<\/p>\n<p>Wenn der Kunde nicht m\u00f6chte, dass Facebook Daten in der oben genannten Weise sammelt, muss sich der Kunde vor dem Besuch unserer Webseiten von seinem Facebook-Account abmelden.<\/p>\n<p><strong>Google+<\/strong><br \/>\nUnsere Webseiten verwenden Plugins, die vom sozialen Netzwerk &#8222;Google+&#8220; betrieben werden. Diese Programme werden ausschlie\u00dflich von Google Inc., 1600 Amphitheatre Parkway, Mountain View, CA 94043, USA, (&#8222;Google&#8220;) betrieben. Die Plugins werden auf unseren Webseiten durch das Add-On &#8222;+1&#8220; auf wei\u00dfem oder farbigem Hintergrund deutlich sichtbar gemacht.<\/p>\n<p>Wenn Sie auf das benannte Plugin klicken, baut Ihr Browser eine direkte Verbindung mit den von Google+ betriebenen Servern auf; Dadurch wird der Inhalt des Plugins an Ihren Browser \u00fcbermittelt und in die angezeigten Websites eingebettet.<\/p>\n<p>Die Tatsache, dass Sie unsere Websites besucht haben, wird an Google weitergegeben. Wenn Sie unsere Websites besuchen, w\u00e4hrend Sie in Ihrem Google+ Nutzerkonto angemeldet sind, kann Google+ den Besuch unserer Websites Ihrem Nutzerkonto zuordnen. Informationen, die sich aus der Interaktion mit den Google+ Plugins ergeben (etwa durch Klicken auf die Schaltfl\u00e4che &#8222;+1&#8220; oder durch Hinterlassen eines Kommentars), werden direkt an Google \u00fcbermittelt und dort gespeichert. Unsere Websites haben keinen Einfluss auf die Daten, die Google mit dem benannten Plugin erfasst.<\/p>\n<p>Um dies zu verhindern, m\u00fcssen Sie sich vor dem Besuch unserer Websites von Ihrem Google+ Konto abmelden.<\/p>\n<p>Bitte beachten Sie die Datenschutzerkl\u00e4rung von Google +<\/p>\n<p>http:\/\/www.google.com\/intl\/de\/+\/policy\/+1button.html<\/p>\n<p>Weitere Informationen zu: Zweck und Umfang der Datenerhebung und Datenanalyse von Google+, Ihre Rechte, Einstellungen \u00e4ndern und Ihre Privatsph\u00e4re sch\u00fctzen<\/p>\n<p><strong>Instagram<\/strong><br \/>\nUnsere Webseiten verwenden die Plugins Instagram Inc., 1601 Willow Road, Menlo Park, CA, 94025, USA. Diese sind am Instagram-Logo erkennbar. Wenn Sie in Ihrem Instagram-Account eingeloggt sind, k\u00f6nnen Sie Inhalte unserer Webseiten mit Ihrem Instagram-Profil verkn\u00fcpfen, indem Sie auf den Instagram-Button klicken. Dadurch wird Instagram den Besuch unserer Webseiten Ihrem Benutzerkonto zuordnen. Wir weisen darauf hin, dass wir als Anbieter dieser Seiten keine Kenntnis vom Inhalt der \u00fcbermittelten Daten sowie deren Nutzung durch Instagram erhalten.<\/p>\n<p>Weitere Informationen finden Sie in der Datenschutzerkl\u00e4rung von Instagram: http:\/\/instagram.com\/about\/legal\/privacy\/.<\/p>\n<p>Sie finden Details zur Datenerhebung (Zweck, Umfang, weitere Verarbeitung, Nutzung) sowie Ihre Rechte und Einstellungsm\u00f6glichkeiten in der LinkedIn Datenschutzerkl\u00e4rung. LinkedIn stellt diese Informationen unter http:\/\/www.linkedin.com\/legal\/privacy-policy zur Verf\u00fcgung.<\/p>\n<p><strong>Youtube<\/strong><br \/>\nUnsere Webseiten verwenden Plugins der von Google betriebenen Website YouTube. Anbieter der Website ist YouTube, LLC, 901 Cherry Avenue, San Bruno, CA 94066, USA. Wenn Sie eine unserer Websites mit einem eingebetteten YouTube-Plugin besuchen, wird eine Verbindung zu YouTube-Servern hergestellt. Der YouTube-Server \u00fcbermittelt dann die Informationen, die Sie auf unseren Websites aufgerufen haben. Wenn Sie in Ihrem YouTube-Konto angemeldet sind, erm\u00f6glichen Sie YouTube, Ihr Browserverhalten mit Ihrem pers\u00f6nlichen Profil zu verkn\u00fcpfen. Du kannst dies verhindern, indem du dich von YouTube abmeldest. Weitere Informationen zum Umgang mit Nutzerdaten finden Sie in der Datenschutzerkl\u00e4rung von YouTube unter: https:\/\/www.google.de\/intl\/de\/policies\/privacy<\/p>\n<p><strong>Google AdSense<\/strong><br \/>\nUnsere Websites verwenden Google AdSense, einen Dienst von Google Inc., um gesch\u00e4ftliche Informationen einzubetten. Anbieter dieser Dienste ist Google Inc., 1600 Amphitheatre Parkway Mountain View, CA 94043, USA. Google Adsense verwendet sog. &#8222;Cookies&#8220;, Textdateien, die auf Ihrem Computer gespeichert werden und die eine Analyse der Benutzung der Website durch Sie erm\u00f6glichen. Dar\u00fcber hinaus verwendet Google AdSense auch sogenannte Web Beacons (unsichtbare Bilder). Diese Web Beacons helfen bei der Verarbeitung von Informationen, wie z. B. Besucherverkehr auf dieser Website. Die durch Cookies und Web Beacons erzeugten Informationen \u00fcber Ihre Benutzung dieser Website (einschlie\u00dflich Ihrer IP-Adresse) und Auslieferung von Werbeformaten werden an einen Server von Google in den USA \u00fcbertragen und dort gespeichert. Google kann diese Informationen gegebenenfalls an ihre Vertragspartner \u00fcbertragen. Google wird Ihre IP-Adresse jedoch nicht mit anderen bei Google gespeicherten Daten zusammenf\u00fchren. Sie k\u00f6nnen die Installation von Cookies verhindern, indem Sie die Einstellungen Ihres Browsers anpassen; Wenn Sie dies jedoch tun, k\u00f6nnen Sie m\u00f6glicherweise nicht alle Funktionen dieser Website nutzen. Durch die Nutzung dieser Website erkl\u00e4ren Sie sich mit der Verarbeitung der gesammelten Informationen durch Google, zu dem zuvor genannten Zweck, einverstanden.<\/p>","protected":false},"excerpt":{"rendered":"<p>1. Inhalt Der Autor und die Firma Ibiza Selected \u00fcbernimmt die volle Gew\u00e4hr f\u00fcr die Vollst\u00e4ndigkeit oder Qualit\u00e4t der bereitgestellten &hellip;<\/p>\n","protected":false},"author":1,"featured_media":0,"parent":0,"menu_order":16,"comment_status":"closed","ping_status":"closed","template":"","meta":{"footnotes":""},"class_list":["post-1208","page","type-page","status-publish","hentry"],"acf":[],"_links":{"self":[{"href":"https:\/\/www.bali-selected.com\/de\/wp-json\/wp\/v2\/pages\/1208","targetHints":{"allow":["GET"]}}],"collection":[{"href":"https:\/\/www.bali-selected.com\/de\/wp-json\/wp\/v2\/pages"}],"about":[{"href":"https:\/\/www.bali-selected.com\/de\/wp-json\/wp\/v2\/types\/page"}],"author":[{"embeddable":true,"href":"https:\/\/www.bali-selected.com\/de\/wp-json\/wp\/v2\/users\/1"}],"replies":[{"embeddable":true,"href":"https:\/\/www.bali-selected.com\/de\/wp-json\/wp\/v2\/comments?post=1208"}],"version-history":[{"count":1,"href":"https:\/\/www.bali-selected.com\/de\/wp-json\/wp\/v2\/pages\/1208\/revisions"}],"predecessor-version":[{"id":1209,"href":"https:\/\/www.bali-selected.com\/de\/wp-json\/wp\/v2\/pages\/1208\/revisions\/1209"}],"wp:attachment":[{"href":"https:\/\/www.bali-selected.com\/de\/wp-json\/wp\/v2\/media?parent=1208"}],"curies":[{"name":"wp","href":"https:\/\/api.w.org\/{rel}","templated":true}]}}