{"id":1210,"date":"2025-02-24T22:19:44","date_gmt":"2025-02-24T14:19:44","guid":{"rendered":"https:\/\/www.bali-selected.com\/?page_id=1210"},"modified":"2025-02-26T16:42:17","modified_gmt":"2025-02-26T08:42:17","slug":"imprint","status":"publish","type":"page","link":"https:\/\/www.bali-selected.com\/de\/impressum\/","title":{"rendered":"Impressum"},"content":{"rendered":"<p><\/p>\n<p data-start=\"57\" data-end=\"86\"><strong data-start=\"57\" data-end=\"84\">Unser Hauptunternehmen:<\/strong><\/p>\n<p data-start=\"88\" data-end=\"240\">Ibiza Selected S.L.<br data-start=\"107\" data-end=\"110\" \/>Carrer de sa Talaia 4 bajo<br data-start=\"136\" data-end=\"139\" \/>07849 Cala Llonga \/ Ibiza<br data-start=\"164\" data-end=\"167\" \/>Steuernummer: B010886109 (NIF)<br data-start=\"197\" data-end=\"200\" \/>Internationale Steuer-Nr.: ESB10886109<\/p>\n<p data-start=\"242\" data-end=\"268\"><strong data-start=\"242\" data-end=\"266\">Unternehmen in Bali:<\/strong><\/p>\n<p data-start=\"270\" data-end=\"297\">PT. Bali Selected Holiday<\/p>\n<p data-start=\"299\" data-end=\"368\">RUKO MAHENDRA SQUARE NO. 5, JL MAMENDRADATA SELATAN PEMECUTAN KELOD<\/p>\n<p data-start=\"370\" data-end=\"405\">DENPASAR BARAT KOTA DENPASAR BALI<\/p>\n<p data-start=\"407\" data-end=\"429\">99.809.245.6-906.000<\/p>\n<p data-start=\"431\" data-end=\"462\">Tengsal Terdaftar: 09\/01\/2024<\/p>\n<p data-start=\"464\" data-end=\"711\">Mobil: +34 662 629 295<br data-start=\"486\" data-end=\"489\" \/>E-Mail: <a rel=\"noopener\" data-start=\"497\" data-end=\"520\">info@ibiza-selected.com<\/a><br data-start=\"520\" data-end=\"523\" \/>Instagram: <a href=\"https:\/\/www.instagram.com\/Bali_selected\/\" target=\"_new\" rel=\"noopener\" data-start=\"534\" data-end=\"618\">https:\/\/www.instagram.com\/Bali_selected\/<\/a><br data-start=\"618\" data-end=\"621\" \/>Facebook: <a href=\"https:\/\/www.facebook.com\/BaliSelected\" target=\"_new\" rel=\"noopener\" data-start=\"631\" data-end=\"709\">https:\/\/www.facebook.com\/BaliSelected<\/a><\/p>\n<hr data-start=\"713\" data-end=\"716\" \/>\n<h3 data-start=\"718\" data-end=\"733\">1. Inhalt<\/h3>\n<p data-start=\"734\" data-end=\"1200\">Der Autor \u00fcbernimmt keine Gew\u00e4hr f\u00fcr die Aktualit\u00e4t, Richtigkeit, Vollst\u00e4ndigkeit oder Qualit\u00e4t der bereitgestellten Informationen. Haftungsanspr\u00fcche f\u00fcr Sch\u00e4den, die durch die Nutzung unvollst\u00e4ndiger oder fehlerhafter Informationen verursacht wurden, sind grunds\u00e4tzlich ausgeschlossen. Alle Angebote sind freibleibend und unverbindlich. Teile der Seiten oder das gesamte Angebot k\u00f6nnen vom Autor ohne gesonderte Ank\u00fcndigung erg\u00e4nzt, ge\u00e4ndert oder gel\u00f6scht werden.<\/p>\n<h3 data-start=\"1202\" data-end=\"1229\">2. Verweise und Links<\/h3>\n<p data-start=\"1230\" data-end=\"1656\">Der Autor ist nicht f\u00fcr Inhalte auf externen Websites verantwortlich, auf die von seinen Seiten aus verwiesen wird, es sei denn, er hat nachweislich Kenntnis von illegalen Inhalten und k\u00f6nnte den Zugriff darauf verhindern. Sch\u00e4den durch die Nutzung externer Informationen unterliegen der Haftung der jeweiligen Seitenbetreiber. Ebenso haftet der Autor nicht f\u00fcr Beitr\u00e4ge in Diskussionsforen, G\u00e4steb\u00fcchern oder Mailinglisten.<\/p>\n<h3 data-start=\"1658\" data-end=\"1679\">3. Urheberrecht<\/h3>\n<p data-start=\"1680\" data-end=\"1820\">Der Autor ist bestrebt, keine urheberrechtlich gesch\u00fctzten Materialien zu verwenden oder die jeweiligen Urheberrechte kenntlich zu machen.<\/p>\n<p data-start=\"1822\" data-end=\"2071\">Das Urheberrecht f\u00fcr selbst erstellte Inhalte bleibt beim Autor. Die Vervielf\u00e4ltigung oder Nutzung von Bildern, Grafiken, T\u00f6nen oder Texten in anderen elektronischen oder gedruckten Publikationen ist ohne ausdr\u00fcckliche Genehmigung nicht gestattet.<\/p>\n<h3 data-start=\"2073\" data-end=\"2093\">4. Datenschutz<\/h3>\n<p data-start=\"2094\" data-end=\"2484\">Die Eingabe pers\u00f6nlicher oder gesch\u00e4ftlicher Daten (E-Mail-Adresse, Name, Anschrift) erfolgt freiwillig. Die Nutzung aller angebotenen Dienste ist \u2013 soweit technisch m\u00f6glich und zumutbar \u2013 auch ohne Angabe pers\u00f6nlicher Daten oder unter Verwendung eines Pseudonyms zul\u00e4ssig. Die Nutzung ver\u00f6ffentlichter Kontaktdaten f\u00fcr Werbezwecke ist untersagt, Zuwiderhandlungen (Spam) werden geahndet.<\/p>\n<h3 data-start=\"2486\" data-end=\"2544\">5. Rechtliche G\u00fcltigkeit dieses Haftungsausschlusses<\/h3>\n<p data-start=\"2545\" data-end=\"2764\">Dieser Haftungsausschluss ist als Teil der Website zu betrachten, von der aus auf diese Seite verwiesen wurde. Sollten Teile dieses Textes nicht rechtskonform sein, bleibt die G\u00fcltigkeit der \u00fcbrigen Inhalte unber\u00fchrt.<\/p>\n<h3 data-start=\"2766\" data-end=\"2828\">6. Allgemeine Reservierungs- und Stornierungsbedingungen<\/h3>\n<p data-start=\"2829\" data-end=\"3116\">Alle Angebote von Ibiza Selected sind grunds\u00e4tzlich unverbindlich. Eine Buchung wird durch eine Buchungsbest\u00e4tigung vorreserviert. Um die Reservierung endg\u00fcltig zu best\u00e4tigen, m\u00fcssen 50 % des Gesamtbetrags innerhalb einer Woche per Bank\u00fcberweisung an den Hauseigent\u00fcmer gezahlt werden.<\/p>\n<p data-start=\"3118\" data-end=\"3367\">Im Falle einer Stornierung durch den Gast mindestens zwei Monate vor Anreise wird die Anzahlung f\u00fcr eine zuk\u00fcnftige Buchung gutgeschrieben oder gegen eine Bearbeitungsgeb\u00fchr von 250 \u20ac zur\u00fcckerstattet. Stornierungsgeb\u00fchren bei kurzfristiger Absage:<\/p>\n<ul data-start=\"3368\" data-end=\"3503\">\n<li data-start=\"3368\" data-end=\"3404\">60 bis 45 Tage vor Anreise: 50 %<\/li>\n<li data-start=\"3405\" data-end=\"3441\">45 bis 14 Tage vor Anreise: 70 %<\/li>\n<li data-start=\"3442\" data-end=\"3476\">13 bis 1 Tag vor Anreise: 90 %<\/li>\n<li data-start=\"3477\" data-end=\"3503\">Nichterscheinen: 100 %<\/li>\n<\/ul>\n<p data-start=\"3505\" data-end=\"3659\">Falls ein alternativer Gast f\u00fcr den stornierten Zeitraum gefunden wird, erstatten wir 100 % des Buchungsbetrags abz\u00fcglich einer Servicegeb\u00fchr von 250 \u20ac.<\/p>\n<p data-start=\"3661\" data-end=\"3866\">Sollte das Mietobjekt aufgrund unvorhersehbarer Sch\u00e4den (z. B. durch Sturm, Wasser oder Feuer) unbewohnbar werden, bem\u00fchen wir uns um eine Alternative oder der Eigent\u00fcmer erstattet den Mietbetrag zur\u00fcck.<\/p>\n<p data-start=\"3868\" data-end=\"4175\">Wir empfehlen eine Reiseversicherung, um sich gegen unvorhergesehene Umst\u00e4nde wie Krankheit abzusichern. Ibiza Selected agiert als Reisevermittler, w\u00e4hrend Mietvertr\u00e4ge durch Zahlung direkt an den Hauseigent\u00fcmer abgeschlossen werden. Wir stellen sicher, dass die Villa existiert und vor Ort verf\u00fcgbar ist.<\/p>\n<h3 data-start=\"4177\" data-end=\"4260\">7. Verpflichtungen der Agentur und Stornierungsrichtlinien f\u00fcr Hauseigent\u00fcmer<\/h3>\n<p data-start=\"4261\" data-end=\"4672\">Der Hauseigent\u00fcmer verpflichtet sich, Ibiza Selected vollst\u00e4ndige und korrekte Informationen \u00fcber das Mietobjekt bereitzustellen und Aktualisierungen sofort mitzuteilen. Falls ein Eigent\u00fcmer eine best\u00e4tigte Buchung mit Anzahlung storniert, f\u00e4llt eine Vertragsstrafe in H\u00f6he des Dreifachen unserer entgangenen Provision an. Zudem muss die Anzahlung innerhalb von 5 Werktagen an den Gast zur\u00fcckerstattet werden.<\/p>\n<p data-start=\"4674\" data-end=\"4968\">Wenn ein Kunde seine Buchung storniert oder aus der Villa auszieht und der Eigent\u00fcmer die R\u00fcckerstattung vornimmt, bleibt unsere Provision unangetastet. Als Agentur sind wir f\u00fcr das B\u00fcromanagement, Transfers, Check-in und Check-out sowie die Verifizierung der Immobilienbilder verantwortlich.<\/p>\n<h3 data-start=\"4970\" data-end=\"4990\">8. Steuerrecht<\/h3>\n<p data-start=\"4991\" data-end=\"5341\">Alle Preise sind Endpreise f\u00fcr Kunden und enthalten 10 % Touristensteuer. Falls eine Rechnung f\u00fcr ein Unternehmen ben\u00f6tigt wird, f\u00e4llt eine Mehrwertsteuer von 11 % auf Ferienimmobilien an. Die steuerliche Behandlung h\u00e4ngt davon ab, ob die Villa im Besitz einer Privatperson oder eines Unternehmens ist. Bitte kontaktieren Sie uns hierf\u00fcr gesondert.<\/p>\n<p>.<\/p>","protected":false},"excerpt":{"rendered":"<p>Unser Hauptunternehmen: Ibiza Selected S.L.Carrer de sa Talaia 4 bajo07849 Cala Llonga \/ IbizaSteuernummer: B010886109 (NIF)Internationale Steuer-Nr.: ESB10886109 Unternehmen in &hellip;<\/p>\n","protected":false},"author":1,"featured_media":0,"parent":0,"menu_order":17,"comment_status":"closed","ping_status":"closed","template":"","meta":{"footnotes":""},"class_list":["post-1210","page","type-page","status-publish","hentry"],"acf":[],"_links":{"self":[{"href":"https:\/\/www.bali-selected.com\/de\/wp-json\/wp\/v2\/pages\/1210","targetHints":{"allow":["GET"]}}],"collection":[{"href":"https:\/\/www.bali-selected.com\/de\/wp-json\/wp\/v2\/pages"}],"about":[{"href":"https:\/\/www.bali-selected.com\/de\/wp-json\/wp\/v2\/types\/page"}],"author":[{"embeddable":true,"href":"https:\/\/www.bali-selected.com\/de\/wp-json\/wp\/v2\/users\/1"}],"replies":[{"embeddable":true,"href":"https:\/\/www.bali-selected.com\/de\/wp-json\/wp\/v2\/comments?post=1210"}],"version-history":[{"count":2,"href":"https:\/\/www.bali-selected.com\/de\/wp-json\/wp\/v2\/pages\/1210\/revisions"}],"predecessor-version":[{"id":1217,"href":"https:\/\/www.bali-selected.com\/de\/wp-json\/wp\/v2\/pages\/1210\/revisions\/1217"}],"wp:attachment":[{"href":"https:\/\/www.bali-selected.com\/de\/wp-json\/wp\/v2\/media?parent=1210"}],"curies":[{"name":"wp","href":"https:\/\/api.w.org\/{rel}","templated":true}]}}